{"id":4004,"date":"2025-01-30T04:14:54","date_gmt":"2025-01-30T04:14:54","guid":{"rendered":"https:\/\/conquistanews.com\/teste\/?page_id=4004"},"modified":"2025-02-11T00:48:48","modified_gmt":"2025-02-11T00:48:48","slug":"quem-somos","status":"publish","type":"page","link":"https:\/\/conquistanews.com\/teste\/quem-somos\/","title":{"rendered":"Quem Somos"},"content":{"rendered":"<p>Bem-vindo ao <strong>Vemv\u00ea Brasil<\/strong>, o portal de not\u00edcias com foco no Brasil. Nosso compromisso \u00e9 com a informa\u00e7\u00e3o de qualidade, atualizada em tempo real, para que voc\u00ea, internauta, se mantenha bem informado sobre os acontecimentos mais relevantes. Acreditamos que o jornalismo deve ser um reflexo da realidade e \u00e9 isso que buscamos entregar todos os dias.<\/p>\n<p>Aqui, voc\u00ea encontra uma ampla cobertura de not\u00edcias locais, nacionais e internacionais, al\u00e9m de entrevistas exclusivas, artigos de opini\u00e3o e muito mais. Nossa miss\u00e3o \u00e9 conectar voc\u00ea aos fatos de forma clara, transparente e sem distor\u00e7\u00f5es. O objetivo \u00e9 oferecer um olhar preciso sobre o Brasil e o mundo, trazendo conte\u00fado relevante para que voc\u00ea se situe com as realidades do momento.<\/p>\n<p>Al\u00e9m disso, estamos sempre atentos \u00e0s demandas de entretenimento, com mat\u00e9rias e novidades sobre cultura, m\u00fasica, cinema e eventos, para que o nosso p\u00fablico tamb\u00e9m tenha acesso a informa\u00e7\u00f5es que agradam a todos os gostos. <strong>Vemv\u00ea Brasil<\/strong> busca ser o seu portal completo para a informa\u00e7\u00e3o e o lazer, com a seriedade e compromisso que voc\u00ea merece.<\/p>\n<p>Sabemos que o momento atual exige mais do que nunca um jornalismo imparcial e comprometido com a verdade, e \u00e9 isso que garantimos a cada mat\u00e9ria publicada. Nosso trabalho \u00e9 pautado pela \u00e9tica e pela responsabilidade, sempre com o intuito de informar de maneira precisa e sem manipula\u00e7\u00f5es.<\/p>\n<p><img decoding=\"async\" class=\"wp-image-5472 alignleft\" src=\"https:\/\/conquistanews.com\/teste\/wp-content\/uploads\/2025\/02\/251-gilaelson.png\" alt=\"\" width=\"190\" height=\"190\" srcset=\"https:\/\/conquistanews.com\/teste\/wp-content\/uploads\/2025\/02\/251-gilaelson.png 250w, https:\/\/conquistanews.com\/teste\/wp-content\/uploads\/2025\/02\/251-gilaelson-150x150.png 150w\" sizes=\"(max-width: 190px) 100vw, 190px\" \/>O <strong>Vemv\u00ea Brasil<\/strong> \u00e9 liderado por <strong>Gilaelson Santos<\/strong>, Radialista desde 1997 e respons\u00e1vel por trazer \u00e0 tona esse projeto que visa n\u00e3o s\u00f3 informar, mas tamb\u00e9m transformar a maneira como as not\u00edcias chegam at\u00e9 voc\u00ea. Acompanhe-nos e fa\u00e7a parte dessa jornada da busca pela verdade!<\/p>\n<p><img decoding=\"async\" src=\"https:\/\/conquistanews.com\/teste\/wp-content\/uploads\/2025\/01\/gilaelson-300x87.png\" alt=\"\" width=\"300\" height=\"87\" \/><\/p>\n","protected":false},"excerpt":{"rendered":"<p>Bem-vindo ao Vemv\u00ea Brasil, o portal de not\u00edcias com foco no Brasil. Nosso compromisso \u00e9 com a informa\u00e7\u00e3o de qualidade, atualizada em tempo real, para que voc\u00ea, internauta, se mantenha bem informado sobre os acontecimentos mais relevantes. Acreditamos que o jornalismo deve ser um reflexo da realidade e \u00e9 isso que buscamos entregar todos os [&hellip;]<\/p>\n","protected":false},"author":1,"featured_media":0,"parent":0,"menu_order":0,"comment_status":"closed","ping_status":"closed","template":"","meta":{"footnotes":""},"class_list":["post-4004","page","type-page","status-publish","hentry"],"_links":{"self":[{"href":"https:\/\/conquistanews.com\/teste\/wp-json\/wp\/v2\/pages\/4004","targetHints":{"allow":["GET"]}}],"collection":[{"href":"https:\/\/conquistanews.com\/teste\/wp-json\/wp\/v2\/pages"}],"about":[{"href":"https:\/\/conquistanews.com\/teste\/wp-json\/wp\/v2\/types\/page"}],"author":[{"embeddable":true,"href":"https:\/\/conquistanews.com\/teste\/wp-json\/wp\/v2\/users\/1"}],"replies":[{"embeddable":true,"href":"https:\/\/conquistanews.com\/teste\/wp-json\/wp\/v2\/comments?post=4004"}],"version-history":[{"count":29,"href":"https:\/\/conquistanews.com\/teste\/wp-json\/wp\/v2\/pages\/4004\/revisions"}],"predecessor-version":[{"id":5719,"href":"https:\/\/conquistanews.com\/teste\/wp-json\/wp\/v2\/pages\/4004\/revisions\/5719"}],"wp:attachment":[{"href":"https:\/\/conquistanews.com\/teste\/wp-json\/wp\/v2\/media?parent=4004"}],"curies":[{"name":"wp","href":"https:\/\/api.w.org\/{rel}","templated":true}]}}